{"id":338,"date":"2016-07-25T16:21:28","date_gmt":"2016-07-25T14:21:28","guid":{"rendered":"http:\/\/contedattimismaniago.it\/?page_id=338"},"modified":"2016-09-22T12:59:19","modified_gmt":"2016-09-22T10:59:19","slug":"land","status":"publish","type":"page","link":"https:\/\/www.contedattimismaniago.it\/de\/land\/","title":{"rendered":"Land"},"content":{"rendered":"<p>Das Milieu, in dem wir unsere Weinst\u00f6cke anbauen, geh\u00f6rt zu den besten der Welt. Es sind H\u00fcgel in einer H\u00f6he von ca. 200\u00a0m \u00fcber dem Meeresspiegel, die geologisch vor circa 40-50 Millionen Jahren entstanden sind: die friaulische Ebene war vom Meer bedeckt und die K\u00fcsten befanden sich praktisch in unmittelbarer N\u00e4he der heutigen Julischen Voralpen.<br \/>\nAuf dem Grund dieser vorzeitlichen Lagune fand im Laufe der Jahrtausende ein langsamer Sedimentationsprozess statt, der imposante Formationen entstehen lie\u00df, die, als sich das Wasser zur\u00fcckzog, aus dem Wasser auftauchten. Diese Ablagerungen aus dem Eoz\u00e4n sind heute abwechselnde Schichten aus Mergel (kalkhaltiger Lehm) und Sandstein (Kalksandstein), mit ihrem typischen Aussehen, das wir in dieser Region als \u201ePonca\u201c bezeichnen.<br \/>\nEs sind B\u00f6den, die sich aufgrund ihrer Lage und ihrer Zusammensetzung au\u00dferordentlich gut f\u00fcr den Weinbau eignen.\u2028Auf diesen wunderbaren Terrassenh\u00e4ngen, die von weitl\u00e4ufigen Waldgebieten ges\u00e4umt werden, wachsen unsere Weinreben. Sie werden nach alter Tradition angebaut, aber auch nach den Gesichtspunkten der integrierten Landwirtschaft, die einen Weinbau mit Entwicklungspotenzial sichert, unter Ber\u00fccksichtigung der \u00f6kologischen und wirtschaftlichen Ressourcen.<br \/>\nVon den Gipfeln dieser H\u00fcgel sieht man auf der einen Seite am Horizont das Glitzern der Adria, von der st\u00e4ndig eine wohltuende Brise weht, und auf der anderen Seite die Julischen Alpen, die die Weinst\u00f6cke vor den kalten Luftstr\u00f6mungen aus dem Norden sch\u00fctzt.<br \/>\nIn diesem milden und luftigen Klima liegen die ca. 2000 Hektar Rebfl\u00e4chen der Colli Orientali, die tats\u00e4chlich auch in \u201eWeinstock- und Weinpark\u201c umbenannt wurden.<\/p>\n","protected":false},"excerpt":{"rendered":"<p>Das Milieu, in dem wir unsere Weinst\u00f6cke anbauen, geh\u00f6rt zu den besten der Welt. Es sind H\u00fcgel in einer H\u00f6he von ca. 200\u00a0m \u00fcber dem Meeresspiegel, die geologisch vor circa 40-50 Millionen Jahren entstanden sind: die friaulische Ebene war vom Meer bedeckt und die K\u00fcsten befanden sich praktisch in unmittelbarer N\u00e4he der heutigen Julischen Voralpen. [&hellip;]<\/p>\n","protected":false},"author":4,"featured_media":166,"parent":0,"menu_order":33,"comment_status":"closed","ping_status":"closed","template":"","meta":{"footnotes":""},"acf":[],"_links":{"self":[{"href":"https:\/\/www.contedattimismaniago.it\/de\/wp-json\/wp\/v2\/pages\/338"}],"collection":[{"href":"https:\/\/www.contedattimismaniago.it\/de\/wp-json\/wp\/v2\/pages"}],"about":[{"href":"https:\/\/www.contedattimismaniago.it\/de\/wp-json\/wp\/v2\/types\/page"}],"author":[{"embeddable":true,"href":"https:\/\/www.contedattimismaniago.it\/de\/wp-json\/wp\/v2\/users\/4"}],"replies":[{"embeddable":true,"href":"https:\/\/www.contedattimismaniago.it\/de\/wp-json\/wp\/v2\/comments?post=338"}],"version-history":[{"count":4,"href":"https:\/\/www.contedattimismaniago.it\/de\/wp-json\/wp\/v2\/pages\/338\/revisions"}],"predecessor-version":[{"id":483,"href":"https:\/\/www.contedattimismaniago.it\/de\/wp-json\/wp\/v2\/pages\/338\/revisions\/483"}],"wp:featuredmedia":[{"embeddable":true,"href":"https:\/\/www.contedattimismaniago.it\/de\/wp-json\/wp\/v2\/media\/166"}],"wp:attachment":[{"href":"https:\/\/www.contedattimismaniago.it\/de\/wp-json\/wp\/v2\/media?parent=338"}],"curies":[{"name":"wp","href":"https:\/\/api.w.org\/{rel}","templated":true}]}}