{"id":336,"date":"2016-07-25T16:21:03","date_gmt":"2016-07-25T14:21:03","guid":{"rendered":"http:\/\/contedattimismaniago.it\/?page_id=336"},"modified":"2021-09-14T12:02:31","modified_gmt":"2021-09-14T10:02:31","slug":"das-weingut","status":"publish","type":"page","link":"https:\/\/www.contedattimismaniago.it\/de\/das-weingut\/","title":{"rendered":"Das Weingut"},"content":{"rendered":"<p>Der Ursprung der Familie Attimis geht auf das Patriarchat von Aquileia zur\u00fcck und wie das eindrucksvolle Familienarchiv zeigt, wurde bereits ab 1700 eine bedeutende Weinbauproduktion verzeichnet, wenngleich nicht wenige Zeugnisse davon berichten, dass der Wein bereits zu fr\u00fcheren Zeiten in gr\u00f6\u00dferen Mengen nach Italien und ins Ausland verkauft wurde.<\/p>\n<p>Die Geschichte des Grafen MANIAGO ist Jahrhundert alt: das Familienarchiv stellt fest dass das Schloss Maniago im X Jahrhundert auf den L\u00e4ndereien des Patriarchen errichtet wurde; schon im XIV Jahrhundert nahm der graf von Maniago einen Sitz im Parlament des Landes ein.<br \/>\nZur Familie geh\u04e7rte auch Fabio der II aus Maniago, ein studierten und literat: ihm verdanken wir zwei B\u00fcches welche uns die Geschichte und die Kunstsch\u00e4ttze der St\u00e4dte Udine und Cividale erkl\u00e4ren, auch die \u201cStoria delle belle arti friulane\u201d (Geschichte der sch\u04e7nen K\u00fcnste in Friaul) verdanken wir seine Studien.<\/p>\n<p>Die ersten Flaschen des <em>Conte d<\/em>\u2019<em>Attimis-Maniago<\/em> wurden ungef\u00e4hr im Jahr 1930 abgef\u00fcllt, womit man im Friaul eine Vorreiterrolle einnahm, wie Graf Alberto berichtet: \u201eWir sind stolz auf unsere Vergangenheit, es ist ein Schatz an Tradition und Erfahrung, aus dem wir Kraft und Wissen sch\u00f6pfen.<\/p>\n<p>Die Geschichte meiner Familie und die Tradition meiner Heimat sind ein wesentlicher Bestandteil der heutigen Firmenphilosophie, weil sie mich zum Respekt vor dem, was ich von meinen Vorfahren bekommen habe und vor dem, was ich meinen Nachkommen hinterlassen werde, verpflichten, und vor allem, weil sie unaufh\u00f6rlich unseren Innovationsgeist und den Wunsch nach st\u00e4ndiger Verbesserung n\u00e4hren.<\/br><br \/>\n<iframe loading=\"lazy\" src=\"https:\/\/www.youtube.com\/embed\/nBsPNTIR3Oc?rel=0&amp;showinfo=0\" width=\"100%\" height=\"450\" frameborder=\"0\" allowfullscreen=\"allowfullscreen\"><\/iframe><\/p>\n","protected":false},"excerpt":{"rendered":"<p>Der Ursprung der Familie Attimis geht auf das Patriarchat von Aquileia zur\u00fcck und wie das eindrucksvolle Familienarchiv zeigt, wurde bereits ab 1700 eine bedeutende Weinbauproduktion verzeichnet, wenngleich nicht wenige Zeugnisse davon berichten, dass der Wein bereits zu fr\u00fcheren Zeiten in gr\u00f6\u00dferen Mengen nach Italien und ins Ausland verkauft wurde. Die Geschichte des Grafen MANIAGO ist [&hellip;]<\/p>\n","protected":false},"author":4,"featured_media":169,"parent":0,"menu_order":30,"comment_status":"closed","ping_status":"closed","template":"","meta":{"footnotes":""},"acf":[],"_links":{"self":[{"href":"https:\/\/www.contedattimismaniago.it\/de\/wp-json\/wp\/v2\/pages\/336"}],"collection":[{"href":"https:\/\/www.contedattimismaniago.it\/de\/wp-json\/wp\/v2\/pages"}],"about":[{"href":"https:\/\/www.contedattimismaniago.it\/de\/wp-json\/wp\/v2\/types\/page"}],"author":[{"embeddable":true,"href":"https:\/\/www.contedattimismaniago.it\/de\/wp-json\/wp\/v2\/users\/4"}],"replies":[{"embeddable":true,"href":"https:\/\/www.contedattimismaniago.it\/de\/wp-json\/wp\/v2\/comments?post=336"}],"version-history":[{"count":6,"href":"https:\/\/www.contedattimismaniago.it\/de\/wp-json\/wp\/v2\/pages\/336\/revisions"}],"predecessor-version":[{"id":1520,"href":"https:\/\/www.contedattimismaniago.it\/de\/wp-json\/wp\/v2\/pages\/336\/revisions\/1520"}],"wp:featuredmedia":[{"embeddable":true,"href":"https:\/\/www.contedattimismaniago.it\/de\/wp-json\/wp\/v2\/media\/169"}],"wp:attachment":[{"href":"https:\/\/www.contedattimismaniago.it\/de\/wp-json\/wp\/v2\/media?parent=336"}],"curies":[{"name":"wp","href":"https:\/\/api.w.org\/{rel}","templated":true}]}}