{"id":1502,"date":"2021-09-14T11:47:24","date_gmt":"2021-09-14T09:47:24","guid":{"rendered":"https:\/\/www.contedattimismaniago.it\/?page_id=1502"},"modified":"2023-08-25T09:11:48","modified_gmt":"2023-08-25T07:11:48","slug":"fuhrungen","status":"publish","type":"page","link":"https:\/\/www.contedattimismaniago.it\/de\/fuhrungen\/","title":{"rendered":"F\u00fchrungen"},"content":{"rendered":"","protected":false},"excerpt":{"rendered":"<p>Wir freuen uns die Besucher zu empfangen welche unsere Geschichte und unsere Weinberge kennenlernen wollen im Rahmen eines einzigartigen Erlebnis. Es gibt nicht nur eine Sorte der gef\u00fcrten Tour: wir nehmen R\u00fccksicht auf die W\u00fcnsche und die Entdeckungsfreude unseren Willkommen G\u04d3ste.<\/p>\n","protected":false},"author":4,"featured_media":1582,"parent":0,"menu_order":6,"comment_status":"closed","ping_status":"closed","template":"tmpl-gallery.php","meta":{"footnotes":""},"acf":[],"_links":{"self":[{"href":"https:\/\/www.contedattimismaniago.it\/de\/wp-json\/wp\/v2\/pages\/1502"}],"collection":[{"href":"https:\/\/www.contedattimismaniago.it\/de\/wp-json\/wp\/v2\/pages"}],"about":[{"href":"https:\/\/www.contedattimismaniago.it\/de\/wp-json\/wp\/v2\/types\/page"}],"author":[{"embeddable":true,"href":"https:\/\/www.contedattimismaniago.it\/de\/wp-json\/wp\/v2\/users\/4"}],"replies":[{"embeddable":true,"href":"https:\/\/www.contedattimismaniago.it\/de\/wp-json\/wp\/v2\/comments?post=1502"}],"version-history":[{"count":7,"href":"https:\/\/www.contedattimismaniago.it\/de\/wp-json\/wp\/v2\/pages\/1502\/revisions"}],"predecessor-version":[{"id":1841,"href":"https:\/\/www.contedattimismaniago.it\/de\/wp-json\/wp\/v2\/pages\/1502\/revisions\/1841"}],"wp:featuredmedia":[{"embeddable":true,"href":"https:\/\/www.contedattimismaniago.it\/de\/wp-json\/wp\/v2\/media\/1582"}],"wp:attachment":[{"href":"https:\/\/www.contedattimismaniago.it\/de\/wp-json\/wp\/v2\/media?parent=1502"}],"curies":[{"name":"wp","href":"https:\/\/api.w.org\/{rel}","templated":true}]}}